{"id":2737,"date":"2024-02-03T11:53:24","date_gmt":"2024-02-03T11:53:24","guid":{"rendered":"https:\/\/www.ursa.com.tr\/belgelerimiz\/"},"modified":"2024-02-20T06:49:50","modified_gmt":"2024-02-20T06:49:50","slug":"belgelerimiz","status":"publish","type":"page","link":"https:\/\/www.ursa.com.tr\/en\/belgelerimiz\/","title":{"rendered":"Our Documents"},"content":{"rendered":"\t\t<div data-elementor-type=\"wp-page\" data-elementor-id=\"2737\" class=\"elementor elementor-2737 elementor-2399\">\n\t\t\t\t\t\t<section class=\"elementor-section elementor-top-section elementor-element elementor-element-cd5ad33 elementor-section-boxed elementor-section-height-default elementor-section-height-default\" data-id=\"cd5ad33\" data-element_type=\"section\">\n\t\t\t\t\t\t<div class=\"elementor-container elementor-column-gap-default\">\n\t\t\t\t\t<div class=\"elementor-column elementor-col-100 elementor-top-column elementor-element elementor-element-7ebbcbd\" data-id=\"7ebbcbd\" data-element_type=\"column\">\n\t\t\t<div class=\"elementor-widget-wrap elementor-element-populated\">\n\t\t\t\t\t\t<div class=\"elementor-element elementor-element-9ab3325 elementor-widget elementor-widget-spacer\" data-id=\"9ab3325\" data-element_type=\"widget\" data-widget_type=\"spacer.default\">\n\t\t\t\t<div class=\"elementor-widget-container\">\n\t\t\t<style>\/*! elementor - v3.19.0 - 05-02-2024 *\/\n.elementor-column .elementor-spacer-inner{height:var(--spacer-size)}.e-con{--container-widget-width:100%}.e-con-inner>.elementor-widget-spacer,.e-con>.elementor-widget-spacer{width:var(--container-widget-width,var(--spacer-size));--align-self:var(--container-widget-align-self,initial);--flex-shrink:0}.e-con-inner>.elementor-widget-spacer>.elementor-widget-container,.e-con>.elementor-widget-spacer>.elementor-widget-container{height:100%;width:100%}.e-con-inner>.elementor-widget-spacer>.elementor-widget-container>.elementor-spacer,.e-con>.elementor-widget-spacer>.elementor-widget-container>.elementor-spacer{height:100%}.e-con-inner>.elementor-widget-spacer>.elementor-widget-container>.elementor-spacer>.elementor-spacer-inner,.e-con>.elementor-widget-spacer>.elementor-widget-container>.elementor-spacer>.elementor-spacer-inner{height:var(--container-widget-height,var(--spacer-size))}.e-con-inner>.elementor-widget-spacer.elementor-widget-empty,.e-con>.elementor-widget-spacer.elementor-widget-empty{position:relative;min-height:22px;min-width:22px}.e-con-inner>.elementor-widget-spacer.elementor-widget-empty .elementor-widget-empty-icon,.e-con>.elementor-widget-spacer.elementor-widget-empty .elementor-widget-empty-icon{position:absolute;top:0;bottom:0;left:0;right:0;margin:auto;padding:0;width:22px;height:22px}<\/style>\t\t<div class=\"elementor-spacer\">\n\t\t\t<div class=\"elementor-spacer-inner\"><\/div>\n\t\t<\/div>\n\t\t\t\t<\/div>\n\t\t\t\t<\/div>\n\t\t\t\t\t<\/div>\n\t\t<\/div>\n\t\t\t\t\t<\/div>\n\t\t<\/section>\n\t\t\t\t<section class=\"elementor-section elementor-top-section elementor-element elementor-element-62c2a8a elementor-section-boxed elementor-section-height-default elementor-section-height-default\" data-id=\"62c2a8a\" data-element_type=\"section\">\n\t\t\t\t\t\t<div class=\"elementor-container elementor-column-gap-default\">\n\t\t\t\t\t<div class=\"elementor-column elementor-col-100 elementor-top-column elementor-element elementor-element-6219a94\" data-id=\"6219a94\" data-element_type=\"column\">\n\t\t\t<div class=\"elementor-widget-wrap elementor-element-populated\">\n\t\t\t\t\t\t<div class=\"elementor-element elementor-element-431c7fd align-left elementor-widget elementor-widget-mae-headings\" data-id=\"431c7fd\" data-element_type=\"widget\" data-widget_type=\"mae-headings.default\">\n\t\t\t\t<div class=\"elementor-widget-container\">\n\t\t\t\t\t<div class=\"master-heading\">\n\t        \n\t        \t        <h2 class=\"main-heading\">Our Documents<\/h2>\n\t        \n\t        \t        <div class=\"divider\"><\/div>\n\t        \n\t        \t    <\/div>\n\t    \t\t<\/div>\n\t\t\t\t<\/div>\n\t\t\t\t\t<\/div>\n\t\t<\/div>\n\t\t\t\t\t<\/div>\n\t\t<\/section>\n\t\t<div class=\"elementor-element elementor-element-5e9fb8d e-flex e-con-boxed e-con e-parent\" data-id=\"5e9fb8d\" data-element_type=\"container\" data-settings=\"{&quot;content_width&quot;:&quot;boxed&quot;}\" data-core-v316-plus=\"true\">\n\t\t\t\t\t<div class=\"e-con-inner\">\n\t\t\t\t<div class=\"elementor-element elementor-element-493f4ec elementor-widget elementor-widget-image-gallery\" data-id=\"493f4ec\" data-element_type=\"widget\" data-widget_type=\"image-gallery.default\">\n\t\t\t\t<div class=\"elementor-widget-container\">\n\t\t\t<style>\/*! elementor - v3.19.0 - 05-02-2024 *\/\n.elementor-image-gallery .gallery-item{display:inline-block;text-align:center;vertical-align:top;width:100%;max-width:100%;margin:0 auto}.elementor-image-gallery .gallery-item img{margin:0 auto}.elementor-image-gallery .gallery-item .gallery-caption{margin:0}.elementor-image-gallery figure img{display:block}.elementor-image-gallery figure figcaption{width:100%}.gallery-spacing-custom .elementor-image-gallery .gallery-icon{padding:0}@media (min-width:768px){.elementor-image-gallery .gallery-columns-2 .gallery-item{max-width:50%}.elementor-image-gallery .gallery-columns-3 .gallery-item{max-width:33.33%}.elementor-image-gallery .gallery-columns-4 .gallery-item{max-width:25%}.elementor-image-gallery .gallery-columns-5 .gallery-item{max-width:20%}.elementor-image-gallery .gallery-columns-6 .gallery-item{max-width:16.666%}.elementor-image-gallery .gallery-columns-7 .gallery-item{max-width:14.28%}.elementor-image-gallery .gallery-columns-8 .gallery-item{max-width:12.5%}.elementor-image-gallery .gallery-columns-9 .gallery-item{max-width:11.11%}.elementor-image-gallery .gallery-columns-10 .gallery-item{max-width:10%}}@media (min-width:480px) and (max-width:767px){.elementor-image-gallery .gallery.gallery-columns-2 .gallery-item,.elementor-image-gallery .gallery.gallery-columns-3 .gallery-item,.elementor-image-gallery .gallery.gallery-columns-4 .gallery-item,.elementor-image-gallery .gallery.gallery-columns-5 .gallery-item,.elementor-image-gallery .gallery.gallery-columns-6 .gallery-item,.elementor-image-gallery .gallery.gallery-columns-7 .gallery-item,.elementor-image-gallery .gallery.gallery-columns-8 .gallery-item,.elementor-image-gallery .gallery.gallery-columns-9 .gallery-item,.elementor-image-gallery .gallery.gallery-columns-10 .gallery-item{max-width:50%}}@media (max-width:479px){.elementor-image-gallery .gallery.gallery-columns-2 .gallery-item,.elementor-image-gallery .gallery.gallery-columns-3 .gallery-item,.elementor-image-gallery .gallery.gallery-columns-4 .gallery-item,.elementor-image-gallery .gallery.gallery-columns-5 .gallery-item,.elementor-image-gallery .gallery.gallery-columns-6 .gallery-item,.elementor-image-gallery .gallery.gallery-columns-7 .gallery-item,.elementor-image-gallery .gallery.gallery-columns-8 .gallery-item,.elementor-image-gallery .gallery.gallery-columns-9 .gallery-item,.elementor-image-gallery .gallery.gallery-columns-10 .gallery-item{max-width:100%}}<\/style>\t\t<div class=\"elementor-image-gallery\">\n\t\t\t<div id='gallery-1' class='gallery galleryid-2737 gallery-columns-3 gallery-size-full'><figure class='gallery-item'>\n\t\t\t<div class='gallery-icon portrait'>\n\t\t\t\t<a data-elementor-open-lightbox=\"yes\" data-elementor-lightbox-slideshow=\"493f4ec\" data-elementor-lightbox-title=\"UR-SA-PLAST\u0130K-50001-EN\" data-e-action-hash=\"#elementor-action%3Aaction%3Dlightbox%26settings%3DeyJpZCI6MzMwNywidXJsIjoiaHR0cHM6XC9cL3d3dy51cnNhLmNvbS50clwvd3AtY29udGVudFwvdXBsb2Fkc1wvMjAyNFwvMDJcL1VSLVNBLVBMQVNUSUstNTAwMDEtRU4uanBnIiwic2xpZGVzaG93IjoiNDkzZjRlYyJ9\" href='https:\/\/www.ursa.com.tr\/wp-content\/uploads\/2024\/02\/UR-SA-PLASTIK-50001-EN.jpg'><img fetchpriority=\"high\" decoding=\"async\" width=\"1415\" height=\"2000\" src=\"https:\/\/www.ursa.com.tr\/wp-content\/uploads\/2024\/02\/UR-SA-PLASTIK-50001-EN.jpg\" class=\"attachment-full size-full\" alt=\"\" srcset=\"https:\/\/www.ursa.com.tr\/wp-content\/uploads\/2024\/02\/UR-SA-PLASTIK-50001-EN.jpg 1415w, https:\/\/www.ursa.com.tr\/wp-content\/uploads\/2024\/02\/UR-SA-PLASTIK-50001-EN-212x300.jpg 212w, https:\/\/www.ursa.com.tr\/wp-content\/uploads\/2024\/02\/UR-SA-PLASTIK-50001-EN-724x1024.jpg 724w, https:\/\/www.ursa.com.tr\/wp-content\/uploads\/2024\/02\/UR-SA-PLASTIK-50001-EN-768x1086.jpg 768w, https:\/\/www.ursa.com.tr\/wp-content\/uploads\/2024\/02\/UR-SA-PLASTIK-50001-EN-1087x1536.jpg 1087w, https:\/\/www.ursa.com.tr\/wp-content\/uploads\/2024\/02\/UR-SA-PLASTIK-50001-EN-535x756.jpg 535w\" sizes=\"(max-width: 1415px) 100vw, 1415px\" \/><\/a>\n\t\t\t<\/div><\/figure><figure class='gallery-item'>\n\t\t\t<div class='gallery-icon portrait'>\n\t\t\t\t<a data-elementor-open-lightbox=\"yes\" data-elementor-lightbox-slideshow=\"493f4ec\" data-elementor-lightbox-title=\"FR.83-ISO-90012015\" data-e-action-hash=\"#elementor-action%3Aaction%3Dlightbox%26settings%3DeyJpZCI6MzI5OSwidXJsIjoiaHR0cHM6XC9cL3d3dy51cnNhLmNvbS50clwvd3AtY29udGVudFwvdXBsb2Fkc1wvMjAyNFwvMDJcL0ZSLjgzLUlTTy05MDAxMjAxNS0xLmpwZyIsInNsaWRlc2hvdyI6IjQ5M2Y0ZWMifQ%3D%3D\" href='https:\/\/www.ursa.com.tr\/wp-content\/uploads\/2024\/02\/FR.83-ISO-90012015-1.jpg'><img decoding=\"async\" width=\"1403\" height=\"1999\" src=\"https:\/\/www.ursa.com.tr\/wp-content\/uploads\/2024\/02\/FR.83-ISO-90012015-1.jpg\" class=\"attachment-full size-full\" alt=\"\" srcset=\"https:\/\/www.ursa.com.tr\/wp-content\/uploads\/2024\/02\/FR.83-ISO-90012015-1.jpg 1403w, https:\/\/www.ursa.com.tr\/wp-content\/uploads\/2024\/02\/FR.83-ISO-90012015-1-211x300.jpg 211w, https:\/\/www.ursa.com.tr\/wp-content\/uploads\/2024\/02\/FR.83-ISO-90012015-1-719x1024.jpg 719w, https:\/\/www.ursa.com.tr\/wp-content\/uploads\/2024\/02\/FR.83-ISO-90012015-1-768x1094.jpg 768w, https:\/\/www.ursa.com.tr\/wp-content\/uploads\/2024\/02\/FR.83-ISO-90012015-1-1078x1536.jpg 1078w, https:\/\/www.ursa.com.tr\/wp-content\/uploads\/2024\/02\/FR.83-ISO-90012015-1-535x762.jpg 535w\" sizes=\"(max-width: 1403px) 100vw, 1403px\" \/><\/a>\n\t\t\t<\/div><\/figure><figure class='gallery-item'>\n\t\t\t<div class='gallery-icon portrait'>\n\t\t\t\t<a data-elementor-open-lightbox=\"yes\" data-elementor-lightbox-slideshow=\"493f4ec\" data-elementor-lightbox-title=\"FR.83-ISO-140012015\" data-e-action-hash=\"#elementor-action%3Aaction%3Dlightbox%26settings%3DeyJpZCI6MzMwNSwidXJsIjoiaHR0cHM6XC9cL3d3dy51cnNhLmNvbS50clwvd3AtY29udGVudFwvdXBsb2Fkc1wvMjAyNFwvMDJcL0ZSLjgzLUlTTy0xNDAwMTIwMTUtMS5qcGciLCJzbGlkZXNob3ciOiI0OTNmNGVjIn0%3D\" href='https:\/\/www.ursa.com.tr\/wp-content\/uploads\/2024\/02\/FR.83-ISO-140012015-1.jpg'><img decoding=\"async\" width=\"1404\" height=\"2000\" src=\"https:\/\/www.ursa.com.tr\/wp-content\/uploads\/2024\/02\/FR.83-ISO-140012015-1.jpg\" class=\"attachment-full size-full\" alt=\"\" srcset=\"https:\/\/www.ursa.com.tr\/wp-content\/uploads\/2024\/02\/FR.83-ISO-140012015-1.jpg 1404w, https:\/\/www.ursa.com.tr\/wp-content\/uploads\/2024\/02\/FR.83-ISO-140012015-1-211x300.jpg 211w, https:\/\/www.ursa.com.tr\/wp-content\/uploads\/2024\/02\/FR.83-ISO-140012015-1-719x1024.jpg 719w, https:\/\/www.ursa.com.tr\/wp-content\/uploads\/2024\/02\/FR.83-ISO-140012015-1-768x1094.jpg 768w, https:\/\/www.ursa.com.tr\/wp-content\/uploads\/2024\/02\/FR.83-ISO-140012015-1-1078x1536.jpg 1078w, https:\/\/www.ursa.com.tr\/wp-content\/uploads\/2024\/02\/FR.83-ISO-140012015-1-535x762.jpg 535w\" sizes=\"(max-width: 1404px) 100vw, 1404px\" \/><\/a>\n\t\t\t<\/div><\/figure><figure class='gallery-item'>\n\t\t\t<div class='gallery-icon portrait'>\n\t\t\t\t<a data-elementor-open-lightbox=\"yes\" data-elementor-lightbox-slideshow=\"493f4ec\" data-elementor-lightbox-title=\"FR.83-ISO-220002018-\" data-e-action-hash=\"#elementor-action%3Aaction%3Dlightbox%26settings%3DeyJpZCI6MzMwMywidXJsIjoiaHR0cHM6XC9cL3d3dy51cnNhLmNvbS50clwvd3AtY29udGVudFwvdXBsb2Fkc1wvMjAyNFwvMDJcL0ZSLjgzLUlTTy0yMjAwMDIwMTgtLmpwZyIsInNsaWRlc2hvdyI6IjQ5M2Y0ZWMifQ%3D%3D\" href='https:\/\/www.ursa.com.tr\/wp-content\/uploads\/2024\/02\/FR.83-ISO-220002018-.jpg'><img loading=\"lazy\" decoding=\"async\" width=\"1390\" height=\"2000\" src=\"https:\/\/www.ursa.com.tr\/wp-content\/uploads\/2024\/02\/FR.83-ISO-220002018-.jpg\" class=\"attachment-full size-full\" alt=\"\" srcset=\"https:\/\/www.ursa.com.tr\/wp-content\/uploads\/2024\/02\/FR.83-ISO-220002018-.jpg 1390w, https:\/\/www.ursa.com.tr\/wp-content\/uploads\/2024\/02\/FR.83-ISO-220002018--209x300.jpg 209w, https:\/\/www.ursa.com.tr\/wp-content\/uploads\/2024\/02\/FR.83-ISO-220002018--712x1024.jpg 712w, https:\/\/www.ursa.com.tr\/wp-content\/uploads\/2024\/02\/FR.83-ISO-220002018--768x1105.jpg 768w, https:\/\/www.ursa.com.tr\/wp-content\/uploads\/2024\/02\/FR.83-ISO-220002018--1068x1536.jpg 1068w, https:\/\/www.ursa.com.tr\/wp-content\/uploads\/2024\/02\/FR.83-ISO-220002018--535x770.jpg 535w\" sizes=\"(max-width: 1390px) 100vw, 1390px\" \/><\/a>\n\t\t\t<\/div><\/figure><figure class='gallery-item'>\n\t\t\t<div class='gallery-icon portrait'>\n\t\t\t\t<a data-elementor-open-lightbox=\"yes\" data-elementor-lightbox-slideshow=\"493f4ec\" data-elementor-lightbox-title=\"FR.83-ISO-450012018\" data-e-action-hash=\"#elementor-action%3Aaction%3Dlightbox%26settings%3DeyJpZCI6MzMwMSwidXJsIjoiaHR0cHM6XC9cL3d3dy51cnNhLmNvbS50clwvd3AtY29udGVudFwvdXBsb2Fkc1wvMjAyNFwvMDJcL0ZSLjgzLUlTTy00NTAwMTIwMTgtMS5qcGciLCJzbGlkZXNob3ciOiI0OTNmNGVjIn0%3D\" href='https:\/\/www.ursa.com.tr\/wp-content\/uploads\/2024\/02\/FR.83-ISO-450012018-1.jpg'><img loading=\"lazy\" decoding=\"async\" width=\"1403\" height=\"1999\" src=\"https:\/\/www.ursa.com.tr\/wp-content\/uploads\/2024\/02\/FR.83-ISO-450012018-1.jpg\" class=\"attachment-full size-full\" alt=\"\" srcset=\"https:\/\/www.ursa.com.tr\/wp-content\/uploads\/2024\/02\/FR.83-ISO-450012018-1.jpg 1403w, https:\/\/www.ursa.com.tr\/wp-content\/uploads\/2024\/02\/FR.83-ISO-450012018-1-211x300.jpg 211w, https:\/\/www.ursa.com.tr\/wp-content\/uploads\/2024\/02\/FR.83-ISO-450012018-1-719x1024.jpg 719w, https:\/\/www.ursa.com.tr\/wp-content\/uploads\/2024\/02\/FR.83-ISO-450012018-1-768x1094.jpg 768w, https:\/\/www.ursa.com.tr\/wp-content\/uploads\/2024\/02\/FR.83-ISO-450012018-1-1078x1536.jpg 1078w, https:\/\/www.ursa.com.tr\/wp-content\/uploads\/2024\/02\/FR.83-ISO-450012018-1-535x762.jpg 535w\" sizes=\"(max-width: 1403px) 100vw, 1403px\" \/><\/a>\n\t\t\t<\/div><\/figure>\n\t\t<\/div>\n\t\t<\/div>\n\t\t\t\t<\/div>\n\t\t\t\t<\/div>\n\t\t\t\t\t<\/div>\n\t\t\t\t<\/div>\n\t\t\t\t<section class=\"elementor-section elementor-top-section elementor-element elementor-element-cc9b8e8 elementor-section-boxed elementor-section-height-default elementor-section-height-default\" data-id=\"cc9b8e8\" data-element_type=\"section\">\n\t\t\t\t\t\t<div class=\"elementor-container elementor-column-gap-default\">\n\t\t\t\t\t<div class=\"elementor-column elementor-col-100 elementor-top-column elementor-element elementor-element-b9a1bfc\" data-id=\"b9a1bfc\" data-element_type=\"column\">\n\t\t\t<div class=\"elementor-widget-wrap elementor-element-populated\">\n\t\t\t\t\t\t<div class=\"elementor-element elementor-element-2de59e9 elementor-widget elementor-widget-spacer\" data-id=\"2de59e9\" data-element_type=\"widget\" data-widget_type=\"spacer.default\">\n\t\t\t\t<div class=\"elementor-widget-container\">\n\t\t\t\t\t<div class=\"elementor-spacer\">\n\t\t\t<div class=\"elementor-spacer-inner\"><\/div>\n\t\t<\/div>\n\t\t\t\t<\/div>\n\t\t\t\t<\/div>\n\t\t\t\t\t<\/div>\n\t\t<\/div>\n\t\t\t\t\t<\/div>\n\t\t<\/section>\n\t\t\t\t<section class=\"elementor-section elementor-top-section elementor-element elementor-element-bf553d2 elementor-section-stretched elementor-section-boxed elementor-section-height-default elementor-section-height-default\" data-id=\"bf553d2\" data-element_type=\"section\" data-settings=\"{&quot;stretch_section&quot;:&quot;section-stretched&quot;,&quot;background_background&quot;:&quot;classic&quot;}\">\n\t\t\t\t\t\t<div class=\"elementor-container elementor-column-gap-default\">\n\t\t\t\t\t<div class=\"elementor-column elementor-col-100 elementor-top-column elementor-element elementor-element-b0cdc44\" data-id=\"b0cdc44\" data-element_type=\"column\">\n\t\t\t<div class=\"elementor-widget-wrap elementor-element-populated\">\n\t\t\t\t\t\t<div class=\"elementor-element elementor-element-c9ee198 elementor-widget__width-initial elementor-widget elementor-widget-spacer\" data-id=\"c9ee198\" data-element_type=\"widget\" data-widget_type=\"spacer.default\">\n\t\t\t\t<div class=\"elementor-widget-container\">\n\t\t\t\t\t<div class=\"elementor-spacer\">\n\t\t\t<div class=\"elementor-spacer-inner\"><\/div>\n\t\t<\/div>\n\t\t\t\t<\/div>\n\t\t\t\t<\/div>\n\t\t\t\t<div class=\"elementor-element elementor-element-fa0aa70 align-center elementor-widget elementor-widget-mae-headings\" data-id=\"fa0aa70\" data-element_type=\"widget\" data-widget_type=\"mae-headings.default\">\n\t\t\t\t<div class=\"elementor-widget-container\">\n\t\t\t\t\t<div class=\"master-heading\">\n\t        \t            <div class=\"pre-heading\">Bize 7\/24 +90 322 394 37 45 nolu telefondan ve a\u015fa\u011f\u0131daki formdan ulabilirsiniz.<\/div>\n\t        \n\t        \t        <h2 class=\"main-heading\">Bize yaz\u0131n! Cevaplayal\u0131m.<\/h2>\n\t        \n\t        \n\t        \t    <\/div>\n\t    \t\t<\/div>\n\t\t\t\t<\/div>\n\t\t\t\t<div class=\"elementor-element elementor-element-4c98170 align-center cf7-style-1 elementor-widget elementor-widget-mae-contact-form-7\" data-id=\"4c98170\" data-element_type=\"widget\" data-widget_type=\"mae-contact-form-7.default\">\n\t\t\t\t<div class=\"elementor-widget-container\">\n\t\t\t<div class=\"elementor-shortcode byron-cf7-0\">\n<div class=\"wpcf7 no-js\" id=\"wpcf7-f2780-o1\" lang=\"en-US\" dir=\"ltr\">\n<div class=\"screen-reader-response\"><p role=\"status\" aria-live=\"polite\" aria-atomic=\"true\"><\/p> <ul><\/ul><\/div>\n<form action=\"\/en\/wp-json\/wp\/v2\/pages\/2737#wpcf7-f2780-o1\" method=\"post\" class=\"wpcf7-form init\" aria-label=\"Contact form\" novalidate=\"novalidate\" data-status=\"init\">\n<div style=\"display: none;\">\n<input type=\"hidden\" name=\"_wpcf7\" value=\"2780\" \/>\n<input type=\"hidden\" name=\"_wpcf7_version\" value=\"5.8.7\" \/>\n<input type=\"hidden\" name=\"_wpcf7_locale\" value=\"en_US\" \/>\n<input type=\"hidden\" name=\"_wpcf7_unit_tag\" value=\"wpcf7-f2780-o1\" \/>\n<input type=\"hidden\" name=\"_wpcf7_container_post\" value=\"0\" \/>\n<input type=\"hidden\" name=\"_wpcf7_posted_data_hash\" value=\"\" \/>\n<\/div>\n<div class=\"input-wrap\">\n\t<p><span class=\"wpcf7-form-control-wrap\" data-name=\"your-name\"><input size=\"40\" class=\"wpcf7-form-control wpcf7-text wpcf7-validates-as-required\" aria-required=\"true\" aria-invalid=\"false\" value=\"Name\" type=\"text\" name=\"your-name\" \/><\/span><span class=\"wpcf7-form-control-wrap\" data-name=\"tel-131\"><input size=\"40\" class=\"wpcf7-form-control wpcf7-tel wpcf7-text wpcf7-validates-as-tel\" aria-invalid=\"false\" value=\"Phone\" type=\"tel\" name=\"tel-131\" \/><\/span>\n\t<\/p>\n<\/div>\n<div class=\"input-wrap\">\n\t<p><span class=\"wpcf7-form-control-wrap\" data-name=\"your-email\"><input size=\"40\" class=\"wpcf7-form-control wpcf7-email wpcf7-validates-as-required wpcf7-text wpcf7-validates-as-email\" aria-required=\"true\" aria-invalid=\"false\" value=\"Email\" type=\"email\" name=\"your-email\" \/><\/span><span class=\"wpcf7-form-control-wrap\" data-name=\"your-address\"><input size=\"40\" class=\"wpcf7-form-control wpcf7-text wpcf7-validates-as-required\" aria-required=\"true\" aria-invalid=\"false\" value=\"Subjet\" type=\"text\" name=\"your-address\" \/><\/span>\n\t<\/p>\n<\/div>\n<p><span class=\"wpcf7-form-control-wrap\" data-name=\"your-message\"><textarea cols=\"40\" rows=\"10\" class=\"wpcf7-form-control wpcf7-textarea\" aria-invalid=\"false\" name=\"your-message\">Message<\/textarea><\/span>\n<\/p>\n<p><button class=\"wpcf7-submit\">Send<\/button>\n<\/p><div class=\"wpcf7-response-output\" aria-hidden=\"true\"><\/div>\n<\/form>\n<\/div>\n<\/div>\t\t<\/div>\n\t\t\t\t<\/div>\n\t\t\t\t<div class=\"elementor-element elementor-element-479f1e4 elementor-widget elementor-widget-spacer\" data-id=\"479f1e4\" data-element_type=\"widget\" data-widget_type=\"spacer.default\">\n\t\t\t\t<div class=\"elementor-widget-container\">\n\t\t\t\t\t<div class=\"elementor-spacer\">\n\t\t\t<div class=\"elementor-spacer-inner\"><\/div>\n\t\t<\/div>\n\t\t\t\t<\/div>\n\t\t\t\t<\/div>\n\t\t\t\t\t<\/div>\n\t\t<\/div>\n\t\t\t\t\t<\/div>\n\t\t<\/section>\n\t\t\t\t<\/div>\n\t\t","protected":false},"excerpt":{"rendered":"<p>Our Documents Bize 7\/24 +90 322 394 37 45 nolu telefondan ve a\u015fa\u011f\u0131daki formdan ulabilirsiniz. Bize yaz\u0131n! Cevaplayal\u0131m. Mesaj\u0131n\u0131z G\u00f6nder<\/p>\n","protected":false},"author":1,"featured_media":0,"parent":0,"menu_order":0,"comment_status":"closed","ping_status":"closed","template":"","meta":{"footnotes":""},"class_list":["post-2737","page","type-page","status-publish","hentry"],"_links":{"self":[{"href":"https:\/\/www.ursa.com.tr\/en\/wp-json\/wp\/v2\/pages\/2737","targetHints":{"allow":["GET"]}}],"collection":[{"href":"https:\/\/www.ursa.com.tr\/en\/wp-json\/wp\/v2\/pages"}],"about":[{"href":"https:\/\/www.ursa.com.tr\/en\/wp-json\/wp\/v2\/types\/page"}],"author":[{"embeddable":true,"href":"https:\/\/www.ursa.com.tr\/en\/wp-json\/wp\/v2\/users\/1"}],"replies":[{"embeddable":true,"href":"https:\/\/www.ursa.com.tr\/en\/wp-json\/wp\/v2\/comments?post=2737"}],"version-history":[{"count":37,"href":"https:\/\/www.ursa.com.tr\/en\/wp-json\/wp\/v2\/pages\/2737\/revisions"}],"predecessor-version":[{"id":3316,"href":"https:\/\/www.ursa.com.tr\/en\/wp-json\/wp\/v2\/pages\/2737\/revisions\/3316"}],"wp:attachment":[{"href":"https:\/\/www.ursa.com.tr\/en\/wp-json\/wp\/v2\/media?parent=2737"}],"curies":[{"name":"wp","href":"https:\/\/api.w.org\/{rel}","templated":true}]}}